
{"id":6112,"date":"2024-06-24T03:55:07","date_gmt":"2024-06-24T03:55:07","guid":{"rendered":"https:\/\/liko.foxthemes.me\/?page_id=6112"},"modified":"2026-04-11T08:11:39","modified_gmt":"2026-04-11T08:11:39","slug":"inicio","status":"publish","type":"page","link":"https:\/\/astromeliastudio.cl\/","title":{"rendered":"INICIO"},"content":{"rendered":"\t\t<div data-elementor-type=\"wp-page\" data-elementor-id=\"6112\" class=\"elementor elementor-6112\">\n\t\t\t\t<div class=\"elementor-element elementor-element-217e86a e-con-full e-flex e-con e-parent\" data-id=\"217e86a\" data-element_type=\"container\">\n\t\t\t\t<div class=\"elementor-element elementor-element-6c5cab5 elementor-widget elementor-widget-tp-shop-hero-slider\" data-id=\"6c5cab5\" data-element_type=\"widget\" data-widget_type=\"tp-shop-hero-slider.default\">\n\t\t\t\t<div class=\"elementor-widget-container\">\n\t\t\t\t\t\n\n\n            <!-- hero area start -->\n            <div class=\"tp-shop-slider-area p-relative\">\n               <div class=\"shop-slider-wrapper\">\n                  <div class=\"swiper-container tp-shop-slider-active\">\n                     <div class=\"tp-shop-slider-arrow-box\">\n                        <button class=\"tp-shop-next\"><i class=\"fa-light fa-angle-left\"><\/i><\/button>\n                        <button class=\"tp-shop-prev\"><i class=\"fa-light fa-angle-right\"><\/i><\/button>\n                     <\/div>\n                     <div class=\"swiper-wrapper\">\n                                                <div class=\"swiper-slide\">\n                           <div class=\"tp-shop-slider-bg tp-shop-slider-ovarlay\">\n                              <div class=\"tp-shop-slider-thumb\" style=\"background-image: url('https:\/\/astromeliastudio.cl\/wp-content\/uploads\/2025\/03\/BANNER-1.jpg')\"><\/div>\n                              <div class=\"container container-1300\">\n                                 <div class=\"row\">\n                                    <div class=\"col-xl-8\">\n                                       <div class=\"tp-shop-slider-content z-index\">\n                                          <div class=\"tp-shop-slider-title-box\">\n\n                                                                                         <span class=\"tp-shop-slider-subtitle\">Impresi\u00f3n e Instalaci\u00f3n<\/span>\n                                            \n                                                                                         <h2 class=\"tp-shop-slider-title\">Banderines Perimetrales<\/h2>\n                                             \n                                          <\/div>\n                                          <div class=\"tp-shop-slider-btn-box\">\n                                             <a class=\"tp-shop-btn\" href=\"https:\/\/astromeliastudio.cl\/?page_id=15905\" target=\"\" rel=\"\" >VER<\/a>\n                                          <\/div>\n                                       <\/div>\n                                    <\/div>\n                                 <\/div>\n                              <\/div>\n                           <\/div>\n                        <\/div>\n                                                <div class=\"swiper-slide\">\n                           <div class=\"tp-shop-slider-bg tp-shop-slider-ovarlay\">\n                              <div class=\"tp-shop-slider-thumb\" style=\"background-image: url('https:\/\/astromeliastudio.cl\/wp-content\/uploads\/2026\/04\/FOTO-THE-LINE.jpg')\"><\/div>\n                              <div class=\"container container-1300\">\n                                 <div class=\"row\">\n                                    <div class=\"col-xl-8\">\n                                       <div class=\"tp-shop-slider-content z-index\">\n                                          <div class=\"tp-shop-slider-title-box\">\n\n                                                                                         <span class=\"tp-shop-slider-subtitle\">Desarrollo e Implementaci\u00f3n<\/span>\n                                            \n                                                                                         <h2 class=\"tp-shop-slider-title\">Volum\u00e9tricos<\/h2>\n                                             \n                                          <\/div>\n                                          <div class=\"tp-shop-slider-btn-box\">\n                                             <a class=\"tp-shop-btn\" href=\"https:\/\/astromeliastudio.cl\/?page_id=6338\" target=\"\" rel=\"\" >VER<\/a>\n                                          <\/div>\n                                       <\/div>\n                                    <\/div>\n                                 <\/div>\n                              <\/div>\n                           <\/div>\n                        <\/div>\n                                                <div class=\"swiper-slide\">\n                           <div class=\"tp-shop-slider-bg tp-shop-slider-ovarlay\">\n                              <div class=\"tp-shop-slider-thumb\" style=\"background-image: url('https:\/\/astromeliastudio.cl\/wp-content\/uploads\/2025\/03\/BANNER-3.jpg')\"><\/div>\n                              <div class=\"container container-1300\">\n                                 <div class=\"row\">\n                                    <div class=\"col-xl-8\">\n                                       <div class=\"tp-shop-slider-content z-index\">\n                                          <div class=\"tp-shop-slider-title-box\">\n\n                                                                                         <span class=\"tp-shop-slider-subtitle\">Impresi\u00f3n e Instalaci\u00f3n<\/span>\n                                            \n                                                                                         <h2 class=\"tp-shop-slider-title\">Vitrinas<\/h2>\n                                             \n                                          <\/div>\n                                          <div class=\"tp-shop-slider-btn-box\">\n                                             <a class=\"tp-shop-btn\" href=\"https:\/\/astromeliastudio.cl\/?page_id=6338\" target=\"\" rel=\"\" >VER<\/a>\n                                          <\/div>\n                                       <\/div>\n                                    <\/div>\n                                 <\/div>\n                              <\/div>\n                           <\/div>\n                        <\/div>\n                                                <div class=\"swiper-slide\">\n                           <div class=\"tp-shop-slider-bg tp-shop-slider-ovarlay\">\n                              <div class=\"tp-shop-slider-thumb\" style=\"background-image: url('https:\/\/astromeliastudio.cl\/wp-content\/uploads\/2026\/04\/TELAS-TERRAVISTA-copia-1.jpg')\"><\/div>\n                              <div class=\"container container-1300\">\n                                 <div class=\"row\">\n                                    <div class=\"col-xl-8\">\n                                       <div class=\"tp-shop-slider-content z-index\">\n                                          <div class=\"tp-shop-slider-title-box\">\n\n                                                                                         <span class=\"tp-shop-slider-subtitle\">Producci\u00f3n e Instalaci\u00f3n<\/span>\n                                            \n                                                                                         <h2 class=\"tp-shop-slider-title\">Impresi\u00f3n Gran Tama\u00f1o<\/h2>\n                                             \n                                          <\/div>\n                                          <div class=\"tp-shop-slider-btn-box\">\n                                             <a class=\"tp-shop-btn\" href=\"https:\/\/astromeliastudio.cl\/?page_id=15905\" target=\"\" rel=\"\" >VER<\/a>\n                                          <\/div>\n                                       <\/div>\n                                    <\/div>\n                                 <\/div>\n                              <\/div>\n                           <\/div>\n                        <\/div>\n                                                \n                     <\/div>\n                     <div class=\"fraction-wrapper d-none d-lg-block\">\n                        <div id=\"paginations\"><\/div>\n                        <div class=\"shop-slider-progress-bar\">\n                           <span><\/span>\n                        <\/div>\n                     <\/div>\n                  <\/div>\n               <\/div>\n            <\/div>\n            <!-- hero area end -->\n\n\n\t\t\t\t<\/div>\n\t\t\t\t<\/div>\n\t\t\t\t<\/div>\n\t\t<div class=\"elementor-element elementor-element-e515408 e-flex e-con-boxed e-con e-parent\" data-id=\"e515408\" data-element_type=\"container\">\n\t\t\t\t\t<div class=\"e-con-inner\">\n\t\t<div class=\"elementor-element elementor-element-6d503a2 e-con-full e-flex e-con e-child\" data-id=\"6d503a2\" data-element_type=\"container\">\n\t\t\t\t<div class=\"elementor-element elementor-element-1baa084 elementor-widget elementor-widget-tp-banner\" data-id=\"1baa084\" data-element_type=\"widget\" data-widget_type=\"tp-banner.default\">\n\t\t\t\t<div class=\"elementor-widget-container\">\n\t\t\t\t\t\n    \n    <div class=\"tp-shop-category-item p-relative fix\">\n        <img decoding=\"async\" src=\"https:\/\/astromeliastudio.cl\/wp-content\/uploads\/2025\/03\/VIA-PUBLICA.jpg\" alt=\"\">\n\n        <a href=\"https:\/\/astromeliastudio.cl\/?page_id=15905\" target=\"\" rel=\"\" class=\"tp-btn-shop-category\">V\u00eda P\u00fablica<\/a>\n\n    <\/div>\n\n\t\t\t\t<\/div>\n\t\t\t\t<\/div>\n\t\t\t\t<\/div>\n\t\t<div class=\"elementor-element elementor-element-42ff346 e-con-full e-flex e-con e-child\" data-id=\"42ff346\" data-element_type=\"container\">\n\t\t\t\t<div class=\"elementor-element elementor-element-4fc746c elementor-widget elementor-widget-tp-banner\" data-id=\"4fc746c\" data-element_type=\"widget\" data-widget_type=\"tp-banner.default\">\n\t\t\t\t<div class=\"elementor-widget-container\">\n\t\t\t\t\t\n    \n    <div class=\"tp-shop-category-item p-relative fix\">\n        <img decoding=\"async\" src=\"https:\/\/astromeliastudio.cl\/wp-content\/uploads\/2026\/04\/REVESTIMIENTO-copia-1.jpg\" alt=\"\">\n\n        <a href=\"https:\/\/astromeliastudio.cl\/?page_id=6338\" target=\"\" rel=\"\" class=\"tp-btn-shop-category\">Revestimientos<\/a>\n\n    <\/div>\n\n\t\t\t\t<\/div>\n\t\t\t\t<\/div>\n\t\t\t\t<\/div>\n\t\t<div class=\"elementor-element elementor-element-dec4b69 e-con-full e-flex e-con e-child\" data-id=\"dec4b69\" data-element_type=\"container\">\n\t\t\t\t<div class=\"elementor-element elementor-element-a071015 elementor-widget elementor-widget-tp-banner\" data-id=\"a071015\" data-element_type=\"widget\" data-widget_type=\"tp-banner.default\">\n\t\t\t\t<div class=\"elementor-widget-container\">\n\t\t\t\t\t\n    \n    <div class=\"tp-shop-category-item p-relative fix\">\n        <img decoding=\"async\" src=\"https:\/\/astromeliastudio.cl\/wp-content\/uploads\/2025\/03\/SOPORTE.jpg\" alt=\"\">\n\n        <a href=\"https:\/\/astromeliastudio.cl\/?page_id=15959\" target=\"\" rel=\"\" class=\"tp-btn-shop-category\">SOPORTES<\/a>\n\n    <\/div>\n\n\t\t\t\t<\/div>\n\t\t\t\t<\/div>\n\t\t\t\t<\/div>\n\t\t<div class=\"elementor-element elementor-element-5229706 e-con-full e-flex e-con e-child\" data-id=\"5229706\" data-element_type=\"container\">\n\t\t\t\t<div class=\"elementor-element elementor-element-6bc3fba elementor-widget elementor-widget-tp-banner\" data-id=\"6bc3fba\" data-element_type=\"widget\" data-widget_type=\"tp-banner.default\">\n\t\t\t\t<div class=\"elementor-widget-container\">\n\t\t\t\t\t\n    \n    <div class=\"tp-shop-category-item p-relative fix\">\n        <img decoding=\"async\" src=\"https:\/\/astromeliastudio.cl\/wp-content\/uploads\/2025\/03\/REGALOS-1.jpg\" alt=\"\">\n\n        <a href=\"https:\/\/astromeliastudio.cl\/?page_id=15905\" target=\"\" rel=\"\" class=\"tp-btn-shop-category\">PERSONALIZADO<\/a>\n\n    <\/div>\n\n\t\t\t\t<\/div>\n\t\t\t\t<\/div>\n\t\t\t\t<\/div>\n\t\t\t\t\t<\/div>\n\t\t\t\t<\/div>\n\t\t<div class=\"elementor-element elementor-element-3aae5b1 e-con-full e-flex e-con e-parent\" data-id=\"3aae5b1\" data-element_type=\"container\">\n\t\t\t\t<div class=\"elementor-element elementor-element-d6d0920 elementor-widget elementor-widget-tp-animated-image\" data-id=\"d6d0920\" data-element_type=\"widget\" data-widget_type=\"tp-animated-image.default\">\n\t\t\t\t<div class=\"elementor-widget-container\">\n\t\t\t\t\t\n\n<div class=\"liko-animated-img overflow-hidden\">\n    <img decoding=\"async\" data-speed=\".8\" src=\"https:\/\/astromeliastudio.cl\/wp-content\/uploads\/2025\/03\/BANNER-4.jpg\"\n        alt=\"\">\n<\/div>\n\n\t\t\t\t<\/div>\n\t\t\t\t<\/div>\n\t\t\t\t<\/div>\n\t\t<div class=\"elementor-element elementor-element-517118f e-flex e-con-boxed e-con e-parent\" data-id=\"517118f\" data-element_type=\"container\">\n\t\t\t\t\t<div class=\"e-con-inner\">\n\t\t\t\t<div class=\"elementor-element elementor-element-2fc4506 elementor-hidden-mobile elementor-widget elementor-widget-heading\" data-id=\"2fc4506\" data-element_type=\"widget\" data-widget_type=\"heading.default\">\n\t\t\t\t<div class=\"elementor-widget-container\">\n\t\t\t\t\t<h2 class=\"elementor-heading-title elementor-size-default\">S\u00edguenos<\/h2>\t\t\t\t<\/div>\n\t\t\t\t<\/div>\n\t\t\t\t<div class=\"elementor-element elementor-element-b639670 elementor-hidden-mobile elementor-widget elementor-widget-tp-theme-button\" data-id=\"b639670\" data-element_type=\"widget\" data-widget_type=\"tp-theme-button.default\">\n\t\t\t\t<div class=\"elementor-widget-container\">\n\t\t\t\t\t\n        \n\n                <a href=\"#\" class=\"themepure-theme-btn tp-el-theme-btn themepure-theme-btn-line-effect tp-el-btn\">\n\n            \n\n                        <span class=\"theme-btn-text\">@astromeliastudio.cl<\/span>\n            \n\n                    <\/a>\n        \n\n        \n\n\t\t\t\t<\/div>\n\t\t\t\t<\/div>\n\t\t\t\t\t<\/div>\n\t\t\t\t<\/div>\n\t\t<div class=\"elementor-element elementor-element-2c19f83 e-flex e-con-boxed e-con e-parent\" data-id=\"2c19f83\" data-element_type=\"container\">\n\t\t\t\t\t<div class=\"e-con-inner\">\n\t\t\t\t<div class=\"elementor-element elementor-element-da5a674 elementor-widget elementor-widget-tp-brand-grid\" data-id=\"da5a674\" data-element_type=\"widget\" data-widget_type=\"tp-brand-grid.default\">\n\t\t\t\t<div class=\"elementor-widget-container\">\n\t\t\t\t\t\n\n\n<div class=\"row gx-0 row-cols-xl-7 row-cols-lg-7 row-cols-md-7 row-cols-sm-7 row-cols-12\">\n        <div class=\" col\">\n        <div class=\"tp-brand-4-item p-relative tp-grid-box\">\n        <img decoding=\"async\" src=\"https:\/\/astromeliastudio.cl\/wp-content\/uploads\/2025\/03\/LOGOS_Mesa-de-trabajo-1.png\" alt=\"\">\n            <div class=\"tp-brand-4-line-text d-flex align-items-center tp-grid-box-title\">\n                                <span><\/span>\n                                <span><\/span>\n                                <span><\/span>\n                                <span><\/span>\n                                <span><\/span>\n                                <span><\/span>\n                                <span><\/span>\n                            <\/div>\n        <\/div>\n    <\/div>\n        <div class=\" col\">\n        <div class=\"tp-brand-4-item p-relative tp-grid-box\">\n        <img decoding=\"async\" src=\"https:\/\/astromeliastudio.cl\/wp-content\/uploads\/2025\/03\/LOGOS-02.png\" alt=\"\">\n            <div class=\"tp-brand-4-line-text d-flex align-items-center tp-grid-box-title\">\n                                <span><\/span>\n                                <span><\/span>\n                                <span><\/span>\n                                <span><\/span>\n                                <span><\/span>\n                                <span><\/span>\n                                <span><\/span>\n                            <\/div>\n        <\/div>\n    <\/div>\n        <div class=\" col\">\n        <div class=\"tp-brand-4-item p-relative tp-grid-box\">\n        <img decoding=\"async\" src=\"https:\/\/astromeliastudio.cl\/wp-content\/uploads\/2025\/03\/LOGOS-03.png\" alt=\"\">\n            <div class=\"tp-brand-4-line-text d-flex align-items-center tp-grid-box-title\">\n                                <span><\/span>\n                                <span><\/span>\n                                <span><\/span>\n                                <span><\/span>\n                                <span><\/span>\n                                <span><\/span>\n                                <span><\/span>\n                            <\/div>\n        <\/div>\n    <\/div>\n        <div class=\" col\">\n        <div class=\"tp-brand-4-item p-relative tp-grid-box\">\n        <img decoding=\"async\" src=\"https:\/\/astromeliastudio.cl\/wp-content\/uploads\/2025\/03\/LOGOS-04.png\" alt=\"\">\n            <div class=\"tp-brand-4-line-text d-flex align-items-center tp-grid-box-title\">\n                                <span><\/span>\n                                <span><\/span>\n                                <span><\/span>\n                                <span><\/span>\n                                <span><\/span>\n                                <span><\/span>\n                                <span><\/span>\n                            <\/div>\n        <\/div>\n    <\/div>\n        <div class=\" col\">\n        <div class=\"tp-brand-4-item p-relative tp-grid-box\">\n        <img decoding=\"async\" src=\"https:\/\/astromeliastudio.cl\/wp-content\/uploads\/2025\/03\/LOGOS-05.png\" alt=\"\">\n            <div class=\"tp-brand-4-line-text d-flex align-items-center tp-grid-box-title\">\n                                <span><\/span>\n                                <span><\/span>\n                                <span><\/span>\n                                <span><\/span>\n                                <span><\/span>\n                                <span><\/span>\n                                <span><\/span>\n                            <\/div>\n        <\/div>\n    <\/div>\n        <div class=\" col\">\n        <div class=\"tp-brand-4-item p-relative tp-grid-box\">\n        <img decoding=\"async\" src=\"https:\/\/astromeliastudio.cl\/wp-content\/uploads\/2025\/03\/LOGOS-06.png\" alt=\"\">\n            <div class=\"tp-brand-4-line-text d-flex align-items-center tp-grid-box-title\">\n                                <span><\/span>\n                                <span><\/span>\n                                <span><\/span>\n                                <span><\/span>\n                                <span><\/span>\n                                <span><\/span>\n                                <span><\/span>\n                            <\/div>\n        <\/div>\n    <\/div>\n        <div class=\" col\">\n        <div class=\"tp-brand-4-item p-relative tp-grid-box\">\n        <img decoding=\"async\" src=\"https:\/\/astromeliastudio.cl\/wp-content\/uploads\/2025\/03\/LOGOS-07.png\" alt=\"\">\n            <div class=\"tp-brand-4-line-text d-flex align-items-center tp-grid-box-title\">\n                                <span><\/span>\n                                <span><\/span>\n                                <span><\/span>\n                                <span><\/span>\n                                <span><\/span>\n                                <span><\/span>\n                                <span><\/span>\n                            <\/div>\n        <\/div>\n    <\/div>\n        <div class=\" col\">\n        <div class=\"tp-brand-4-item p-relative tp-grid-box\">\n        <img decoding=\"async\" src=\"https:\/\/astromeliastudio.cl\/wp-content\/uploads\/2026\/04\/makers-copia-1.png\" alt=\"\">\n            <div class=\"tp-brand-4-line-text d-flex align-items-center tp-grid-box-title\">\n                                <span><\/span>\n                                <span><\/span>\n                                <span><\/span>\n                                <span><\/span>\n                                <span><\/span>\n                                <span><\/span>\n                                <span><\/span>\n                            <\/div>\n        <\/div>\n    <\/div>\n        <div class=\" col\">\n        <div class=\"tp-brand-4-item p-relative tp-grid-box\">\n        <img decoding=\"async\" src=\"https:\/\/astromeliastudio.cl\/wp-content\/uploads\/2026\/04\/activa-copia.png\" alt=\"\">\n            <div class=\"tp-brand-4-line-text d-flex align-items-center tp-grid-box-title\">\n                                <span><\/span>\n                                <span><\/span>\n                                <span><\/span>\n                                <span><\/span>\n                                <span><\/span>\n                                <span><\/span>\n                                <span><\/span>\n                            <\/div>\n        <\/div>\n    <\/div>\n    <\/div>\n\n\t\t\t\t<\/div>\n\t\t\t\t<\/div>\n\t\t\t\t\t<\/div>\n\t\t\t\t<\/div>\n\t\t\t\t<\/div>\n\t\t","protected":false},"excerpt":{"rendered":"<p>Impresi\u00f3n e Instalaci\u00f3n Banderines Perimetrales VER Desarrollo e Implementaci\u00f3n Volum\u00e9tricos VER Impresi\u00f3n e Instalaci\u00f3n Vitrinas VER Producci\u00f3n e Instalaci\u00f3n Impresi\u00f3n Gran Tama\u00f1o VER V\u00eda P\u00fablica Revestimientos SOPORTES PERSONALIZADO S\u00edguenos @astromeliastudio.cl<\/p>\n","protected":false},"author":1,"featured_media":0,"parent":0,"menu_order":0,"comment_status":"closed","ping_status":"closed","template":"","meta":{"footnotes":""},"class_list":["post-6112","page","type-page","status-publish","hentry"],"_links":{"self":[{"href":"https:\/\/astromeliastudio.cl\/index.php?rest_route=\/wp\/v2\/pages\/6112","targetHints":{"allow":["GET"]}}],"collection":[{"href":"https:\/\/astromeliastudio.cl\/index.php?rest_route=\/wp\/v2\/pages"}],"about":[{"href":"https:\/\/astromeliastudio.cl\/index.php?rest_route=\/wp\/v2\/types\/page"}],"author":[{"embeddable":true,"href":"https:\/\/astromeliastudio.cl\/index.php?rest_route=\/wp\/v2\/users\/1"}],"replies":[{"embeddable":true,"href":"https:\/\/astromeliastudio.cl\/index.php?rest_route=%2Fwp%2Fv2%2Fcomments&post=6112"}],"version-history":[{"count":159,"href":"https:\/\/astromeliastudio.cl\/index.php?rest_route=\/wp\/v2\/pages\/6112\/revisions"}],"predecessor-version":[{"id":16394,"href":"https:\/\/astromeliastudio.cl\/index.php?rest_route=\/wp\/v2\/pages\/6112\/revisions\/16394"}],"wp:attachment":[{"href":"https:\/\/astromeliastudio.cl\/index.php?rest_route=%2Fwp%2Fv2%2Fmedia&parent=6112"}],"curies":[{"name":"wp","href":"https:\/\/api.w.org\/{rel}","templated":true}]}}